{"id":143,"date":"2023-10-03T09:42:31","date_gmt":"2023-10-03T09:42:31","guid":{"rendered":"https:\/\/www.xn--kuivasp-cxaa.fi\/?page_id=143"},"modified":"2023-12-05T14:30:18","modified_gmt":"2023-12-05T14:30:18","slug":"ota-yhteytta","status":"publish","type":"page","link":"https:\/\/www.xn--kuivasp-cxaa.fi\/index.php\/ota-yhteytta\/","title":{"rendered":"Ota yhteytt\u00e4"},"content":{"rendered":"\n<div style=\"height:28px\" aria-hidden=\"true\" class=\"wp-block-spacer\"><\/div>\n\n\n\n<p><strong>Mit\u00e4 sin\u00e4 haluaisit alueella kehitt\u00e4\u00e4?<\/strong> Miten voisimme edelleen rakentaa ja yll\u00e4pit\u00e4\u00e4 kyl\u00e4mme yhteis\u00f6llisyytt\u00e4? <strong>Kerro meille!<\/strong> Asustelemme niin Rantoisten, Savontien, Lopen kuin Kuivasp\u00e4\u00e4ntienkin alueella. <\/p>\n\n\n\n<p>Nyk\u00e4ise hihasta ja tule jutuille! Tai l\u00e4het\u00e4 omia toiveitasi ja ajatuksiasi s\u00e4hk\u00f6postiin <a href=\"mailto:kuivaspaankylayhdistys@gmail.com\">kuivaspaankylayhdistys@gmail.com<\/a>. <\/p>\n\n\n\n<p>Mit\u00e4 enemm\u00e4n saamme toiveita, ideoita ja palautetta itse kyl\u00e4l\u00e4isilt\u00e4, sit\u00e4 paremmin osaamme kaikille mielek\u00e4st\u00e4 yhteist\u00e4 toimintaa j\u00e4rjest\u00e4\u00e4. Ja kaikki talkooapu otetaan tietysti my\u00f6s ilolla vastaan! <\/p>\n\n\n\n<p>L\u00f6yd\u00e4t yhdistyksen my\u00f6s Facebookista nimell\u00e4 <strong><a href=\"https:\/\/www.facebook.com\/kuivaspaa\">Kuivasp\u00e4\u00e4n ja Ymp\u00e4rist\u00f6n Kyl\u00e4yhdistys ry<\/a>. <\/strong>Tiedotamme my\u00f6s siell\u00e4 kulloinkin tulossa olevista tapahtumista. Klikkaa sivu seurantaan!<\/p>\n\n\n\n<p><\/p>\n\n\n\n<p><\/p>\n\n\n\n<div class=\"wp-block-group is-nowrap is-layout-flex wp-container-core-group-layout-2 wp-block-group-is-layout-flex\">\n<figure class=\"wp-block-image size-thumbnail wp-container-content-1\"><img loading=\"lazy\" decoding=\"async\" width=\"150\" height=\"150\" src=\"https:\/\/www.xn--kuivasp-cxaa.fi\/wp-content\/uploads\/2023\/10\/phone-svgrepo-com-150x150.png\" alt=\"\" class=\"wp-image-145\" srcset=\"https:\/\/www.xn--kuivasp-cxaa.fi\/wp-content\/uploads\/2023\/10\/phone-svgrepo-com-150x150.png 150w, https:\/\/www.xn--kuivasp-cxaa.fi\/wp-content\/uploads\/2023\/10\/phone-svgrepo-com-300x300.png 300w, https:\/\/www.xn--kuivasp-cxaa.fi\/wp-content\/uploads\/2023\/10\/phone-svgrepo-com-768x768.png 768w, https:\/\/www.xn--kuivasp-cxaa.fi\/wp-content\/uploads\/2023\/10\/phone-svgrepo-com-600x600.png 600w, https:\/\/www.xn--kuivasp-cxaa.fi\/wp-content\/uploads\/2023\/10\/phone-svgrepo-com.png 800w\" sizes=\"(max-width: 150px) 100vw, 150px\" \/><\/figure>\n\n\n\n<div class=\"wp-block-group is-vertical is-content-justification-left is-layout-flex wp-container-core-group-layout-1 wp-block-group-is-layout-flex\" style=\"margin-top:0;margin-bottom:0;padding-top:0;padding-right:0;padding-bottom:0;padding-left:0\">\n<h3 class=\"wp-block-heading\">P\u00e4ivi Tammilehto, pj.<\/h3>\n\n\n\n<h2 class=\"wp-block-heading has-medium-font-size\">+358 50 5303377<\/h2>\n<\/div>\n<\/div>\n\n\n\n<div class=\"wp-block-group is-nowrap is-layout-flex wp-container-core-group-layout-3 wp-block-group-is-layout-flex\">\n<figure class=\"wp-block-image size-thumbnail wp-container-content-2\"><img loading=\"lazy\" decoding=\"async\" width=\"150\" height=\"150\" src=\"https:\/\/www.xn--kuivasp-cxaa.fi\/wp-content\/uploads\/2023\/10\/mail-alt-svgrepo-com-150x150.png\" alt=\"\" class=\"wp-image-146\" srcset=\"https:\/\/www.xn--kuivasp-cxaa.fi\/wp-content\/uploads\/2023\/10\/mail-alt-svgrepo-com-150x150.png 150w, https:\/\/www.xn--kuivasp-cxaa.fi\/wp-content\/uploads\/2023\/10\/mail-alt-svgrepo-com-300x300.png 300w, https:\/\/www.xn--kuivasp-cxaa.fi\/wp-content\/uploads\/2023\/10\/mail-alt-svgrepo-com-768x768.png 768w, https:\/\/www.xn--kuivasp-cxaa.fi\/wp-content\/uploads\/2023\/10\/mail-alt-svgrepo-com-600x600.png 600w, https:\/\/www.xn--kuivasp-cxaa.fi\/wp-content\/uploads\/2023\/10\/mail-alt-svgrepo-com.png 800w\" sizes=\"(max-width: 150px) 100vw, 150px\" \/><\/figure>\n\n\n\n<h2 class=\"wp-block-heading has-medium-font-size\">kuivaspaankylayhdistys@gmail.com<\/h2>\n<\/div>\n\n\n\n<hr class=\"wp-block-separator has-alpha-channel-opacity is-style-wide\"\/>\n\n\n\n<figure class=\"wp-block-image size-large\"><img loading=\"lazy\" decoding=\"async\" width=\"879\" height=\"1024\" src=\"https:\/\/www.xn--kuivasp-cxaa.fi\/wp-content\/uploads\/2023\/11\/Maitolaiturikuva-879x1024.jpg\" alt=\"\" class=\"wp-image-356\" srcset=\"https:\/\/www.xn--kuivasp-cxaa.fi\/wp-content\/uploads\/2023\/11\/Maitolaiturikuva-879x1024.jpg 879w, https:\/\/www.xn--kuivasp-cxaa.fi\/wp-content\/uploads\/2023\/11\/Maitolaiturikuva-258x300.jpg 258w, https:\/\/www.xn--kuivasp-cxaa.fi\/wp-content\/uploads\/2023\/11\/Maitolaiturikuva-768x894.jpg 768w, https:\/\/www.xn--kuivasp-cxaa.fi\/wp-content\/uploads\/2023\/11\/Maitolaiturikuva-515x600.jpg 515w, https:\/\/www.xn--kuivasp-cxaa.fi\/wp-content\/uploads\/2023\/11\/Maitolaiturikuva.jpg 1112w\" sizes=\"(max-width: 879px) 100vw, 879px\" \/><\/figure>\n\n\n\n<p>Kyl\u00e4yhdistyksen hallituksen j\u00e4senet koolla Pl\u00e4sitorin maitolaiturilla<\/p>\n\n\n\n<hr class=\"wp-block-separator has-alpha-channel-opacity\"\/>\n","protected":false},"excerpt":{"rendered":"<p>Mit\u00e4 sin\u00e4 haluaisit alueella kehitt\u00e4\u00e4? Miten voisimme edelleen rakentaa ja yll\u00e4pit\u00e4\u00e4 kyl\u00e4mme yhteis\u00f6llisyytt\u00e4? Kerro meille! Asustelemme niin Rantoisten, Savontien, Lopen kuin Kuivasp\u00e4\u00e4ntienkin alueella. Nyk\u00e4ise hihasta ja tule jutuille! Tai l\u00e4het\u00e4 omia toiveitasi ja ajatuksiasi s\u00e4hk\u00f6postiin kuivaspaankylayhdistys@gmail.com. Mit\u00e4 enemm\u00e4n saamme toiveita, ideoita ja palautetta itse kyl\u00e4l\u00e4isilt\u00e4, sit\u00e4 paremmin osaamme kaikille mielek\u00e4st\u00e4 yhteist\u00e4 toimintaa j\u00e4rjest\u00e4\u00e4. Ja kaikki [&hellip;]<\/p>\n","protected":false},"author":1,"featured_media":0,"parent":0,"menu_order":0,"comment_status":"closed","ping_status":"closed","template":"","meta":{"footnotes":"","two_page_speed":[]},"_links":{"self":[{"href":"https:\/\/www.xn--kuivasp-cxaa.fi\/index.php\/wp-json\/wp\/v2\/pages\/143"}],"collection":[{"href":"https:\/\/www.xn--kuivasp-cxaa.fi\/index.php\/wp-json\/wp\/v2\/pages"}],"about":[{"href":"https:\/\/www.xn--kuivasp-cxaa.fi\/index.php\/wp-json\/wp\/v2\/types\/page"}],"author":[{"embeddable":true,"href":"https:\/\/www.xn--kuivasp-cxaa.fi\/index.php\/wp-json\/wp\/v2\/users\/1"}],"replies":[{"embeddable":true,"href":"https:\/\/www.xn--kuivasp-cxaa.fi\/index.php\/wp-json\/wp\/v2\/comments?post=143"}],"version-history":[{"count":18,"href":"https:\/\/www.xn--kuivasp-cxaa.fi\/index.php\/wp-json\/wp\/v2\/pages\/143\/revisions"}],"predecessor-version":[{"id":425,"href":"https:\/\/www.xn--kuivasp-cxaa.fi\/index.php\/wp-json\/wp\/v2\/pages\/143\/revisions\/425"}],"wp:attachment":[{"href":"https:\/\/www.xn--kuivasp-cxaa.fi\/index.php\/wp-json\/wp\/v2\/media?parent=143"}],"curies":[{"name":"wp","href":"https:\/\/api.w.org\/{rel}","templated":true}]}}