{"id":274,"date":"2023-11-20T14:51:56","date_gmt":"2023-11-20T14:51:56","guid":{"rendered":"https:\/\/www.xn--kuivasp-cxaa.fi\/?page_id=274"},"modified":"2023-12-05T13:33:20","modified_gmt":"2023-12-05T13:33:20","slug":"galleria","status":"publish","type":"page","link":"https:\/\/www.xn--kuivasp-cxaa.fi\/index.php\/galleria\/","title":{"rendered":"Galleria"},"content":{"rendered":"\n<p class=\"has-text-align-left has-large-font-size\">T\u00e4\u00e4ll\u00e4 voit selailla kuvia menneist\u00e4 tapahtumista, tunnelmallisista hetkist\u00e4 ja maisemista sek\u00e4 muusta kyl\u00e4\u00e4mme liittyv\u00e4st\u00e4. <\/p>\n\n\n\n<p class=\"has-text-align-left has-large-font-size\">Jos sinun kuvasi sopisi t\u00e4lle taululle, voit l\u00e4hett\u00e4\u00e4 sen s\u00e4hk\u00f6postiin <strong>kuivaspaankylayhdistys@gmail.com<\/strong>, niin lataamme sen mielell\u00e4mme t\u00e4nne muiden ihailtavaksi. Kuvan ottajan nimi on hyv\u00e4 mainita ja mieluusti my\u00f6s merkit\u00e4 kuvaan.<\/p>\n\n\n\n<hr class=\"wp-block-separator has-alpha-channel-opacity is-style-dots\"\/>\n\n\n\n<figure class=\"wp-block-gallery has-nested-images columns-4 is-cropped wp-block-gallery-1 is-layout-flex wp-block-gallery-is-layout-flex\">\n<figure class=\"wp-block-image size-large\"><img loading=\"lazy\" decoding=\"async\" width=\"768\" height=\"1024\" data-id=\"270\" src=\"https:\/\/www.xn--kuivasp-cxaa.fi\/wp-content\/uploads\/2023\/11\/Kesamarkkinat8-768x1024.jpg\" alt=\"\" class=\"wp-image-270\" srcset=\"https:\/\/www.xn--kuivasp-cxaa.fi\/wp-content\/uploads\/2023\/11\/Kesamarkkinat8-768x1024.jpg 768w, https:\/\/www.xn--kuivasp-cxaa.fi\/wp-content\/uploads\/2023\/11\/Kesamarkkinat8-225x300.jpg 225w, https:\/\/www.xn--kuivasp-cxaa.fi\/wp-content\/uploads\/2023\/11\/Kesamarkkinat8-1152x1536.jpg 1152w, https:\/\/www.xn--kuivasp-cxaa.fi\/wp-content\/uploads\/2023\/11\/Kesamarkkinat8-1536x2048.jpg 1536w, https:\/\/www.xn--kuivasp-cxaa.fi\/wp-content\/uploads\/2023\/11\/Kesamarkkinat8-450x600.jpg 450w, https:\/\/www.xn--kuivasp-cxaa.fi\/wp-content\/uploads\/2023\/11\/Kesamarkkinat8-scaled.jpg 1920w\" sizes=\"(max-width: 768px) 100vw, 768px\" \/><\/figure>\n\n\n\n<figure class=\"wp-block-image size-large\"><img loading=\"lazy\" decoding=\"async\" width=\"768\" height=\"1024\" data-id=\"269\" src=\"https:\/\/www.xn--kuivasp-cxaa.fi\/wp-content\/uploads\/2023\/11\/Kesamarkkinat7-768x1024.jpg\" alt=\"\" class=\"wp-image-269\" srcset=\"https:\/\/www.xn--kuivasp-cxaa.fi\/wp-content\/uploads\/2023\/11\/Kesamarkkinat7-768x1024.jpg 768w, https:\/\/www.xn--kuivasp-cxaa.fi\/wp-content\/uploads\/2023\/11\/Kesamarkkinat7-225x300.jpg 225w, https:\/\/www.xn--kuivasp-cxaa.fi\/wp-content\/uploads\/2023\/11\/Kesamarkkinat7-1152x1536.jpg 1152w, https:\/\/www.xn--kuivasp-cxaa.fi\/wp-content\/uploads\/2023\/11\/Kesamarkkinat7-1536x2048.jpg 1536w, https:\/\/www.xn--kuivasp-cxaa.fi\/wp-content\/uploads\/2023\/11\/Kesamarkkinat7-450x600.jpg 450w, https:\/\/www.xn--kuivasp-cxaa.fi\/wp-content\/uploads\/2023\/11\/Kesamarkkinat7-scaled.jpg 1920w\" sizes=\"(max-width: 768px) 100vw, 768px\" \/><\/figure>\n\n\n\n<figure class=\"wp-block-image size-large\"><img loading=\"lazy\" decoding=\"async\" width=\"768\" height=\"1024\" data-id=\"267\" src=\"https:\/\/www.xn--kuivasp-cxaa.fi\/wp-content\/uploads\/2023\/11\/kesamarkkinat2-768x1024.jpg\" alt=\"\" class=\"wp-image-267\" srcset=\"https:\/\/www.xn--kuivasp-cxaa.fi\/wp-content\/uploads\/2023\/11\/kesamarkkinat2-768x1024.jpg 768w, https:\/\/www.xn--kuivasp-cxaa.fi\/wp-content\/uploads\/2023\/11\/kesamarkkinat2-225x300.jpg 225w, https:\/\/www.xn--kuivasp-cxaa.fi\/wp-content\/uploads\/2023\/11\/kesamarkkinat2-1152x1536.jpg 1152w, https:\/\/www.xn--kuivasp-cxaa.fi\/wp-content\/uploads\/2023\/11\/kesamarkkinat2-1536x2048.jpg 1536w, https:\/\/www.xn--kuivasp-cxaa.fi\/wp-content\/uploads\/2023\/11\/kesamarkkinat2-450x600.jpg 450w, https:\/\/www.xn--kuivasp-cxaa.fi\/wp-content\/uploads\/2023\/11\/kesamarkkinat2-scaled.jpg 1920w\" sizes=\"(max-width: 768px) 100vw, 768px\" \/><\/figure>\n\n\n\n<figure class=\"wp-block-image size-large\"><img loading=\"lazy\" decoding=\"async\" width=\"768\" height=\"1024\" data-id=\"268\" src=\"https:\/\/www.xn--kuivasp-cxaa.fi\/wp-content\/uploads\/2023\/11\/Kesamarkkinat6-1-768x1024.jpg\" alt=\"\" class=\"wp-image-268\" srcset=\"https:\/\/www.xn--kuivasp-cxaa.fi\/wp-content\/uploads\/2023\/11\/Kesamarkkinat6-1-768x1024.jpg 768w, https:\/\/www.xn--kuivasp-cxaa.fi\/wp-content\/uploads\/2023\/11\/Kesamarkkinat6-1-225x300.jpg 225w, https:\/\/www.xn--kuivasp-cxaa.fi\/wp-content\/uploads\/2023\/11\/Kesamarkkinat6-1-1152x1536.jpg 1152w, https:\/\/www.xn--kuivasp-cxaa.fi\/wp-content\/uploads\/2023\/11\/Kesamarkkinat6-1-1536x2048.jpg 1536w, https:\/\/www.xn--kuivasp-cxaa.fi\/wp-content\/uploads\/2023\/11\/Kesamarkkinat6-1-450x600.jpg 450w, https:\/\/www.xn--kuivasp-cxaa.fi\/wp-content\/uploads\/2023\/11\/Kesamarkkinat6-1-scaled.jpg 1920w\" sizes=\"(max-width: 768px) 100vw, 768px\" \/><\/figure>\n\n\n\n<figure class=\"wp-block-image size-large\"><img loading=\"lazy\" decoding=\"async\" width=\"768\" height=\"1024\" data-id=\"266\" src=\"https:\/\/www.xn--kuivasp-cxaa.fi\/wp-content\/uploads\/2023\/11\/Kesamarkkinat_munkit-768x1024.jpg\" alt=\"\" class=\"wp-image-266\" srcset=\"https:\/\/www.xn--kuivasp-cxaa.fi\/wp-content\/uploads\/2023\/11\/Kesamarkkinat_munkit-768x1024.jpg 768w, https:\/\/www.xn--kuivasp-cxaa.fi\/wp-content\/uploads\/2023\/11\/Kesamarkkinat_munkit-225x300.jpg 225w, https:\/\/www.xn--kuivasp-cxaa.fi\/wp-content\/uploads\/2023\/11\/Kesamarkkinat_munkit-1152x1536.jpg 1152w, https:\/\/www.xn--kuivasp-cxaa.fi\/wp-content\/uploads\/2023\/11\/Kesamarkkinat_munkit-1536x2048.jpg 1536w, https:\/\/www.xn--kuivasp-cxaa.fi\/wp-content\/uploads\/2023\/11\/Kesamarkkinat_munkit-450x600.jpg 450w, https:\/\/www.xn--kuivasp-cxaa.fi\/wp-content\/uploads\/2023\/11\/Kesamarkkinat_munkit-scaled.jpg 1920w\" sizes=\"(max-width: 768px) 100vw, 768px\" \/><\/figure>\n\n\n\n<figure class=\"wp-block-image size-large\"><img decoding=\"async\" data-id=\"8\" src=\"https:\/\/www.xn--kuivasp-cxaa.fi\/wp-content\/uploads\/2023\/09\/IMG_3906-1024x768.jpg\" alt=\"\" class=\"wp-image-8\"\/><\/figure>\n\n\n\n<figure class=\"wp-block-image size-large\"><img loading=\"lazy\" decoding=\"async\" width=\"768\" height=\"1024\" data-id=\"30\" src=\"https:\/\/www.xn--kuivasp-cxaa.fi\/wp-content\/uploads\/2023\/09\/IMG_3959-768x1024.jpg\" alt=\"\" class=\"wp-image-30\" srcset=\"https:\/\/www.xn--kuivasp-cxaa.fi\/wp-content\/uploads\/2023\/09\/IMG_3959-768x1024.jpg 768w, https:\/\/www.xn--kuivasp-cxaa.fi\/wp-content\/uploads\/2023\/09\/IMG_3959-225x300.jpg 225w, https:\/\/www.xn--kuivasp-cxaa.fi\/wp-content\/uploads\/2023\/09\/IMG_3959-1152x1536.jpg 1152w, https:\/\/www.xn--kuivasp-cxaa.fi\/wp-content\/uploads\/2023\/09\/IMG_3959-1536x2048.jpg 1536w, https:\/\/www.xn--kuivasp-cxaa.fi\/wp-content\/uploads\/2023\/09\/IMG_3959-scaled.jpg 1920w\" sizes=\"(max-width: 768px) 100vw, 768px\" \/><\/figure>\n\n\n\n<figure class=\"wp-block-image size-large\"><img loading=\"lazy\" decoding=\"async\" width=\"1024\" height=\"768\" data-id=\"321\" src=\"https:\/\/www.xn--kuivasp-cxaa.fi\/wp-content\/uploads\/2023\/11\/Syysmaisema1-1024x768.jpg\" alt=\"\" class=\"wp-image-321\" srcset=\"https:\/\/www.xn--kuivasp-cxaa.fi\/wp-content\/uploads\/2023\/11\/Syysmaisema1-1024x768.jpg 1024w, https:\/\/www.xn--kuivasp-cxaa.fi\/wp-content\/uploads\/2023\/11\/Syysmaisema1-300x225.jpg 300w, https:\/\/www.xn--kuivasp-cxaa.fi\/wp-content\/uploads\/2023\/11\/Syysmaisema1-768x576.jpg 768w, https:\/\/www.xn--kuivasp-cxaa.fi\/wp-content\/uploads\/2023\/11\/Syysmaisema1-1536x1152.jpg 1536w, https:\/\/www.xn--kuivasp-cxaa.fi\/wp-content\/uploads\/2023\/11\/Syysmaisema1-2048x1536.jpg 2048w, https:\/\/www.xn--kuivasp-cxaa.fi\/wp-content\/uploads\/2023\/11\/Syysmaisema1-600x450.jpg 600w\" sizes=\"(max-width: 1024px) 100vw, 1024px\" \/><\/figure>\n\n\n\n<figure class=\"wp-block-image size-large\"><img loading=\"lazy\" decoding=\"async\" width=\"690\" height=\"1024\" data-id=\"219\" src=\"https:\/\/www.xn--kuivasp-cxaa.fi\/wp-content\/uploads\/2023\/11\/IMG_4689-690x1024.jpg\" alt=\"\" class=\"wp-image-219\" srcset=\"https:\/\/www.xn--kuivasp-cxaa.fi\/wp-content\/uploads\/2023\/11\/IMG_4689-690x1024.jpg 690w, https:\/\/www.xn--kuivasp-cxaa.fi\/wp-content\/uploads\/2023\/11\/IMG_4689-202x300.jpg 202w, https:\/\/www.xn--kuivasp-cxaa.fi\/wp-content\/uploads\/2023\/11\/IMG_4689-768x1139.jpg 768w, https:\/\/www.xn--kuivasp-cxaa.fi\/wp-content\/uploads\/2023\/11\/IMG_4689-1035x1536.jpg 1035w, https:\/\/www.xn--kuivasp-cxaa.fi\/wp-content\/uploads\/2023\/11\/IMG_4689-1381x2048.jpg 1381w, https:\/\/www.xn--kuivasp-cxaa.fi\/wp-content\/uploads\/2023\/11\/IMG_4689-404x600.jpg 404w, https:\/\/www.xn--kuivasp-cxaa.fi\/wp-content\/uploads\/2023\/11\/IMG_4689-scaled.jpg 1726w\" sizes=\"(max-width: 690px) 100vw, 690px\" \/><\/figure>\n\n\n\n<figure class=\"wp-block-image size-large\"><img loading=\"lazy\" decoding=\"async\" width=\"621\" height=\"813\" data-id=\"246\" src=\"https:\/\/www.xn--kuivasp-cxaa.fi\/wp-content\/uploads\/2023\/11\/Kesamarkkinat1.jpg\" alt=\"\" class=\"wp-image-246\" srcset=\"https:\/\/www.xn--kuivasp-cxaa.fi\/wp-content\/uploads\/2023\/11\/Kesamarkkinat1.jpg 621w, https:\/\/www.xn--kuivasp-cxaa.fi\/wp-content\/uploads\/2023\/11\/Kesamarkkinat1-229x300.jpg 229w, https:\/\/www.xn--kuivasp-cxaa.fi\/wp-content\/uploads\/2023\/11\/Kesamarkkinat1-458x600.jpg 458w\" sizes=\"(max-width: 621px) 100vw, 621px\" \/><\/figure>\n\n\n\n<figure class=\"wp-block-image size-large\"><img loading=\"lazy\" decoding=\"async\" width=\"768\" height=\"1024\" data-id=\"31\" src=\"https:\/\/www.xn--kuivasp-cxaa.fi\/wp-content\/uploads\/2023\/09\/IMG_3950-768x1024.jpg\" alt=\"\" class=\"wp-image-31\" srcset=\"https:\/\/www.xn--kuivasp-cxaa.fi\/wp-content\/uploads\/2023\/09\/IMG_3950-768x1024.jpg 768w, https:\/\/www.xn--kuivasp-cxaa.fi\/wp-content\/uploads\/2023\/09\/IMG_3950-225x300.jpg 225w, https:\/\/www.xn--kuivasp-cxaa.fi\/wp-content\/uploads\/2023\/09\/IMG_3950-1152x1536.jpg 1152w, https:\/\/www.xn--kuivasp-cxaa.fi\/wp-content\/uploads\/2023\/09\/IMG_3950-1536x2048.jpg 1536w, https:\/\/www.xn--kuivasp-cxaa.fi\/wp-content\/uploads\/2023\/09\/IMG_3950-scaled.jpg 1920w\" sizes=\"(max-width: 768px) 100vw, 768px\" \/><\/figure>\n\n\n\n<figure class=\"wp-block-image size-large\"><img loading=\"lazy\" decoding=\"async\" width=\"757\" height=\"1024\" data-id=\"320\" src=\"https:\/\/www.xn--kuivasp-cxaa.fi\/wp-content\/uploads\/2023\/11\/Talvinen-kylatie-757x1024.jpg\" alt=\"\" class=\"wp-image-320\" srcset=\"https:\/\/www.xn--kuivasp-cxaa.fi\/wp-content\/uploads\/2023\/11\/Talvinen-kylatie-757x1024.jpg 757w, https:\/\/www.xn--kuivasp-cxaa.fi\/wp-content\/uploads\/2023\/11\/Talvinen-kylatie-222x300.jpg 222w, https:\/\/www.xn--kuivasp-cxaa.fi\/wp-content\/uploads\/2023\/11\/Talvinen-kylatie-768x1039.jpg 768w, https:\/\/www.xn--kuivasp-cxaa.fi\/wp-content\/uploads\/2023\/11\/Talvinen-kylatie-443x600.jpg 443w, https:\/\/www.xn--kuivasp-cxaa.fi\/wp-content\/uploads\/2023\/11\/Talvinen-kylatie.jpg 1017w\" sizes=\"(max-width: 757px) 100vw, 757px\" \/><\/figure>\n<\/figure>\n","protected":false},"excerpt":{"rendered":"<p>T\u00e4\u00e4ll\u00e4 voit selailla kuvia menneist\u00e4 tapahtumista, tunnelmallisista hetkist\u00e4 ja maisemista sek\u00e4 muusta kyl\u00e4\u00e4mme liittyv\u00e4st\u00e4. Jos sinun kuvasi sopisi t\u00e4lle taululle, voit l\u00e4hett\u00e4\u00e4 sen s\u00e4hk\u00f6postiin kuivaspaankylayhdistys@gmail.com, niin lataamme sen mielell\u00e4mme t\u00e4nne muiden ihailtavaksi. Kuvan ottajan nimi on hyv\u00e4 mainita ja mieluusti my\u00f6s merkit\u00e4 kuvaan.<\/p>\n","protected":false},"author":1,"featured_media":0,"parent":0,"menu_order":0,"comment_status":"closed","ping_status":"closed","template":"","meta":{"footnotes":"","two_page_speed":[]},"_links":{"self":[{"href":"https:\/\/www.xn--kuivasp-cxaa.fi\/index.php\/wp-json\/wp\/v2\/pages\/274"}],"collection":[{"href":"https:\/\/www.xn--kuivasp-cxaa.fi\/index.php\/wp-json\/wp\/v2\/pages"}],"about":[{"href":"https:\/\/www.xn--kuivasp-cxaa.fi\/index.php\/wp-json\/wp\/v2\/types\/page"}],"author":[{"embeddable":true,"href":"https:\/\/www.xn--kuivasp-cxaa.fi\/index.php\/wp-json\/wp\/v2\/users\/1"}],"replies":[{"embeddable":true,"href":"https:\/\/www.xn--kuivasp-cxaa.fi\/index.php\/wp-json\/wp\/v2\/comments?post=274"}],"version-history":[{"count":8,"href":"https:\/\/www.xn--kuivasp-cxaa.fi\/index.php\/wp-json\/wp\/v2\/pages\/274\/revisions"}],"predecessor-version":[{"id":384,"href":"https:\/\/www.xn--kuivasp-cxaa.fi\/index.php\/wp-json\/wp\/v2\/pages\/274\/revisions\/384"}],"wp:attachment":[{"href":"https:\/\/www.xn--kuivasp-cxaa.fi\/index.php\/wp-json\/wp\/v2\/media?parent=274"}],"curies":[{"name":"wp","href":"https:\/\/api.w.org\/{rel}","templated":true}]}}