{"id":53,"date":"2023-09-13T17:43:40","date_gmt":"2023-09-13T17:43:40","guid":{"rendered":"https:\/\/www.xn--kuivasp-cxaa.fi\/?page_id=53"},"modified":"2023-12-05T13:36:46","modified_gmt":"2023-12-05T13:36:46","slug":"historiaa","status":"publish","type":"page","link":"https:\/\/www.xn--kuivasp-cxaa.fi\/index.php\/historiaa\/","title":{"rendered":"Kyl\u00e4n historiaa"},"content":{"rendered":"\n<div class=\"wp-block-media-text is-stacked-on-mobile\"><figure class=\"wp-block-media-text__media\"><img loading=\"lazy\" decoding=\"async\" width=\"757\" height=\"1024\" src=\"http:\/\/www.xn--kuivasp-cxaa.fi\/wp-content\/uploads\/2023\/11\/Talvinen-kylatie-757x1024.jpg\" alt=\"\" class=\"wp-image-320 size-full\" srcset=\"https:\/\/www.xn--kuivasp-cxaa.fi\/wp-content\/uploads\/2023\/11\/Talvinen-kylatie-757x1024.jpg 757w, https:\/\/www.xn--kuivasp-cxaa.fi\/wp-content\/uploads\/2023\/11\/Talvinen-kylatie-222x300.jpg 222w, https:\/\/www.xn--kuivasp-cxaa.fi\/wp-content\/uploads\/2023\/11\/Talvinen-kylatie-768x1039.jpg 768w, https:\/\/www.xn--kuivasp-cxaa.fi\/wp-content\/uploads\/2023\/11\/Talvinen-kylatie-443x600.jpg 443w, https:\/\/www.xn--kuivasp-cxaa.fi\/wp-content\/uploads\/2023\/11\/Talvinen-kylatie.jpg 1017w\" sizes=\"(max-width: 757px) 100vw, 757px\" \/><\/figure><div class=\"wp-block-media-text__content\">\n<p>Kuivasp\u00e4\u00e4n alueella arvioidaan olleen asutusta noin 2000 vuoden ajan. Kovin vanhaa rakennuskantaa ei kuitenkaan valitettavasti ole s\u00e4ilynyt n\u00e4ihin p\u00e4iviin saakka. Joitain maamerkkej\u00e4 alueelta silti edelleen l\u00f6ytyy: komea kataja Savontien varressa, Heikkil\u00e4n muuntaja Sarvikkaantien varrella, Lopen kartanon alue, Birgitan polku, Kuljunkin alueelle levitt\u00e4ytyv\u00e4 Pirunlinna sek\u00e4 Heikkil\u00e4n navetta.<\/p>\n\n\n\n<p><br>Kuivasp\u00e4\u00e4n kyl\u00e4historiikki (Vilhelmiina M\u00e4kel\u00e4: Pl\u00e4sitorilta liikekaupunkiin, Vammalan Kirjapaino 2005) kertoo alueen historiasta laajasti ja kattavasti. <\/p>\n<\/div><\/div>\n\n\n\n<div style=\"height:100px\" aria-hidden=\"true\" class=\"wp-block-spacer\"><\/div>\n\n\n\n<p class=\"has-text-align-center has-background has-large-font-size\" style=\"background-color:#eea30073\">T\u00e4lle sivustolle p\u00e4ivit\u00e4mme lis\u00e4\u00e4 sis\u00e4lt\u00f6\u00e4 pian.<\/p>\n","protected":false},"excerpt":{"rendered":"<p>Kuivasp\u00e4\u00e4n alueella arvioidaan olleen asutusta noin 2000 vuoden ajan. Kovin vanhaa rakennuskantaa ei kuitenkaan valitettavasti ole s\u00e4ilynyt n\u00e4ihin p\u00e4iviin saakka. Joitain maamerkkej\u00e4 alueelta silti edelleen l\u00f6ytyy: komea kataja Savontien varressa, Heikkil\u00e4n muuntaja Sarvikkaantien varrella, Lopen kartanon alue, Birgitan polku, Kuljunkin alueelle levitt\u00e4ytyv\u00e4 Pirunlinna sek\u00e4 Heikkil\u00e4n navetta. Kuivasp\u00e4\u00e4n kyl\u00e4historiikki (Vilhelmiina M\u00e4kel\u00e4: Pl\u00e4sitorilta liikekaupunkiin, Vammalan Kirjapaino 2005) [&hellip;]<\/p>\n","protected":false},"author":1,"featured_media":0,"parent":0,"menu_order":0,"comment_status":"closed","ping_status":"closed","template":"","meta":{"footnotes":"","two_page_speed":[]},"_links":{"self":[{"href":"https:\/\/www.xn--kuivasp-cxaa.fi\/index.php\/wp-json\/wp\/v2\/pages\/53"}],"collection":[{"href":"https:\/\/www.xn--kuivasp-cxaa.fi\/index.php\/wp-json\/wp\/v2\/pages"}],"about":[{"href":"https:\/\/www.xn--kuivasp-cxaa.fi\/index.php\/wp-json\/wp\/v2\/types\/page"}],"author":[{"embeddable":true,"href":"https:\/\/www.xn--kuivasp-cxaa.fi\/index.php\/wp-json\/wp\/v2\/users\/1"}],"replies":[{"embeddable":true,"href":"https:\/\/www.xn--kuivasp-cxaa.fi\/index.php\/wp-json\/wp\/v2\/comments?post=53"}],"version-history":[{"count":11,"href":"https:\/\/www.xn--kuivasp-cxaa.fi\/index.php\/wp-json\/wp\/v2\/pages\/53\/revisions"}],"predecessor-version":[{"id":389,"href":"https:\/\/www.xn--kuivasp-cxaa.fi\/index.php\/wp-json\/wp\/v2\/pages\/53\/revisions\/389"}],"wp:attachment":[{"href":"https:\/\/www.xn--kuivasp-cxaa.fi\/index.php\/wp-json\/wp\/v2\/media?parent=53"}],"curies":[{"name":"wp","href":"https:\/\/api.w.org\/{rel}","templated":true}]}}