{"id":96,"date":"2023-09-13T21:08:58","date_gmt":"2023-09-13T21:08:58","guid":{"rendered":"https:\/\/www.xn--kuivasp-cxaa.fi\/?page_id=96"},"modified":"2025-11-27T19:28:16","modified_gmt":"2025-11-27T19:28:16","slug":"liity-jaseneksi","status":"publish","type":"page","link":"https:\/\/www.xn--kuivasp-cxaa.fi\/index.php\/liity-jaseneksi\/","title":{"rendered":"Liity J\u00e4seneksi"},"content":{"rendered":"\n<div class=\"wp-block-group has-bg-1-color has-text-1-background-color has-text-color has-background is-layout-constrained wp-block-group-is-layout-constrained\" style=\"border-radius:5px;padding-top:var(--wp--preset--spacing--40);padding-right:var(--wp--preset--spacing--40);padding-bottom:var(--wp--preset--spacing--40);padding-left:var(--wp--preset--spacing--40)\">\n<p class=\"has-large-font-size\"><strong>Tervetuloa mukaan yhdistykseen! <\/strong><\/p>\n\n\n\n<p>Kyl\u00e4yhdistyksen toimintaan ovat tervetulleita ihan kaikki alueella asuvat ja vaikuttavat omien halujensa ja voimavarojensa mukaisesti.<\/p>\n\n\n\n<p>Yhdistyksen j\u00e4senmaksu on 10 \u20ac \/ vuosi \/ aikuinen j\u00e4sen. Voit liitty\u00e4 j\u00e4seneksi maksamalla j\u00e4senmaksun yhdistyksen tilille FI81 5228 3420 0011 81 (merkitse viestikentt\u00e4\u00e4n nimesi ja osoitteesi) tai Mobile Payll\u00e4, boksinumero 3893FU. <\/p>\n\n\n\n<p><strong>Loppuvuoden 2025 aikana suoritettu j\u00e4senmaksu kattaa my\u00f6s vuoden 2026.<\/strong><\/p>\n\n\n\n<p>J\u00e4senyys ei edellyt\u00e4 osallistumista talkoo- tai muuhun toimintaan, mutta se mahdollistaa vapaaehtoisvoimin py\u00f6riv\u00e4n yhdistyksen toiminnan jatkuvuutta. Meill\u00e4 on pieni, mutta puuhakas porukka, johon lis\u00e4k\u00e4det ovat aina tervetulleita!<\/p>\n\n\n\n<p>L\u00e4hett\u00e4m\u00e4ll\u00e4 lomakkeen hyv\u00e4ksyt, ett\u00e4 saat s\u00e4hk\u00f6postiisi ajankohtaisia ilmoituksia kyl\u00e4yhdistykselt\u00e4 (kyl\u00e4tiedotteet 2 &#8211; 3  kertaa vuodessa). Yhdistys ei luovuta yhteystietojasi edelleen. <\/p>\n<\/div>\n\n\n\n<div class=\"wp-block-group is-layout-constrained wp-block-group-is-layout-constrained\">\n<div class=\"wp-block-contact-form-7-contact-form-selector\">\n<div class=\"wpcf7 no-js\" id=\"wpcf7-f207-o1\" lang=\"en\" dir=\"ltr\">\n<div class=\"screen-reader-response\"><p role=\"status\" aria-live=\"polite\" aria-atomic=\"true\"><\/p> <ul><\/ul><\/div>\n<form action=\"\/index.php\/wp-json\/wp\/v2\/pages\/96#wpcf7-f207-o1\" method=\"post\" class=\"wpcf7-form init\" aria-label=\"Contact form\" novalidate=\"novalidate\" data-status=\"init\">\n<div style=\"display: none;\">\n<input type=\"hidden\" name=\"_wpcf7\" value=\"207\" \/>\n<input type=\"hidden\" name=\"_wpcf7_version\" value=\"5.9.8\" \/>\n<input type=\"hidden\" name=\"_wpcf7_locale\" value=\"en\" \/>\n<input type=\"hidden\" name=\"_wpcf7_unit_tag\" value=\"wpcf7-f207-o1\" \/>\n<input type=\"hidden\" name=\"_wpcf7_container_post\" value=\"0\" \/>\n<input type=\"hidden\" name=\"_wpcf7_posted_data_hash\" value=\"\" \/>\n<\/div>\n<p><label> Etu ja sukunimi<br \/>\n<span class=\"wpcf7-form-control-wrap\" data-name=\"nimi\"><input size=\"40\" maxlength=\"400\" class=\"wpcf7-form-control wpcf7-text wpcf7-validates-as-required class_input\" autocomplete=\"name\" aria-required=\"true\" aria-invalid=\"false\" value=\"\" type=\"text\" name=\"nimi\" \/><\/span> <\/label>\n<\/p>\n<p><label> S\u00e4hk\u00f6posti<br \/>\n<span class=\"wpcf7-form-control-wrap\" data-name=\"sposti\"><input size=\"40\" maxlength=\"400\" class=\"wpcf7-form-control wpcf7-email wpcf7-validates-as-required wpcf7-text wpcf7-validates-as-email\" autocomplete=\"email\" aria-required=\"true\" aria-invalid=\"false\" value=\"\" type=\"email\" name=\"sposti\" \/><\/span> <\/label>\n<\/p>\n<p><label> L\u00e4hiosoite<br \/>\n<span class=\"wpcf7-form-control-wrap\" data-name=\"osoite\"><input size=\"40\" maxlength=\"400\" class=\"wpcf7-form-control wpcf7-text wpcf7-validates-as-required\" autocomplete=\"address\" aria-required=\"true\" aria-invalid=\"false\" value=\"\" type=\"text\" name=\"osoite\" \/><\/span> <\/label>\n<\/p>\n<p><label> Puhelinnumero<br \/>\n<span class=\"wpcf7-form-control-wrap\" data-name=\"puh\"><input size=\"40\" maxlength=\"400\" class=\"wpcf7-form-control wpcf7-text wpcf7-validates-as-required\" autocomplete=\"phone\" aria-required=\"true\" aria-invalid=\"false\" value=\"\" type=\"text\" name=\"puh\" \/><\/span><br \/>\n<span class=\"wpcf7-form-control-wrap\" data-name=\"checkbox-615\"><span class=\"wpcf7-form-control wpcf7-checkbox wpcf7-validates-as-required\"><span class=\"wpcf7-list-item first last\"><label><input type=\"checkbox\" name=\"checkbox-615[]\" value=\"Hyv\u00e4ksyn, ett\u00e4 minuun saa ottaa yhteytt\u00e4 puhelimitse sek\u00e4 s\u00e4hk\u00f6postitse\" \/><span class=\"wpcf7-list-item-label\">Hyv\u00e4ksyn, ett\u00e4 minuun saa ottaa yhteytt\u00e4 puhelimitse sek\u00e4 s\u00e4hk\u00f6postitse<\/span><\/label><\/span><\/span><\/span><br \/>\n<span class=\"wpcf7-form-control-wrap\" data-name=\"checkbox-616\"><span class=\"wpcf7-form-control wpcf7-checkbox wpcf7-validates-as-required\"><span class=\"wpcf7-list-item first last\"><label><input type=\"checkbox\" name=\"checkbox-616[]\" value=\"Olen lukenut liittymisohjeet (Sivun yl\u00e4osa)\" \/><span class=\"wpcf7-list-item-label\">Olen lukenut liittymisohjeet (Sivun yl\u00e4osa)<\/span><\/label><\/span><\/span><\/span><br \/>\n<input class=\"wpcf7-form-control wpcf7-submit has-spinner\" type=\"submit\" value=\"Submit\" \/><\/label>\n<\/p><div class=\"wpcf7-response-output\" aria-hidden=\"true\"><\/div>\n<\/form>\n<\/div>\n<\/div>\n<\/div>\n","protected":false},"excerpt":{"rendered":"<p>Tervetuloa mukaan yhdistykseen! Kyl\u00e4yhdistyksen toimintaan ovat tervetulleita ihan kaikki alueella asuvat ja vaikuttavat omien halujensa ja voimavarojensa mukaisesti. Yhdistyksen j\u00e4senmaksu on 10 \u20ac \/ vuosi \/ aikuinen j\u00e4sen. Voit liitty\u00e4 j\u00e4seneksi maksamalla j\u00e4senmaksun yhdistyksen tilille FI81 5228 3420 0011 81 (merkitse viestikentt\u00e4\u00e4n nimesi ja osoitteesi) tai Mobile Payll\u00e4, boksinumero 3893FU. Loppuvuoden 2025 aikana suoritettu j\u00e4senmaksu [&hellip;]<\/p>\n","protected":false},"author":1,"featured_media":0,"parent":0,"menu_order":0,"comment_status":"closed","ping_status":"closed","template":"","meta":{"footnotes":"","two_page_speed":[]},"_links":{"self":[{"href":"https:\/\/www.xn--kuivasp-cxaa.fi\/index.php\/wp-json\/wp\/v2\/pages\/96"}],"collection":[{"href":"https:\/\/www.xn--kuivasp-cxaa.fi\/index.php\/wp-json\/wp\/v2\/pages"}],"about":[{"href":"https:\/\/www.xn--kuivasp-cxaa.fi\/index.php\/wp-json\/wp\/v2\/types\/page"}],"author":[{"embeddable":true,"href":"https:\/\/www.xn--kuivasp-cxaa.fi\/index.php\/wp-json\/wp\/v2\/users\/1"}],"replies":[{"embeddable":true,"href":"https:\/\/www.xn--kuivasp-cxaa.fi\/index.php\/wp-json\/wp\/v2\/comments?post=96"}],"version-history":[{"count":13,"href":"https:\/\/www.xn--kuivasp-cxaa.fi\/index.php\/wp-json\/wp\/v2\/pages\/96\/revisions"}],"predecessor-version":[{"id":531,"href":"https:\/\/www.xn--kuivasp-cxaa.fi\/index.php\/wp-json\/wp\/v2\/pages\/96\/revisions\/531"}],"wp:attachment":[{"href":"https:\/\/www.xn--kuivasp-cxaa.fi\/index.php\/wp-json\/wp\/v2\/media?parent=96"}],"curies":[{"name":"wp","href":"https:\/\/api.w.org\/{rel}","templated":true}]}}